{"id":80,"date":"2025-03-26T17:21:55","date_gmt":"2025-03-26T23:21:55","guid":{"rendered":"https:\/\/www.promocionandonegocio.com\/somosarquitectos\/?page_id=80"},"modified":"2025-04-21T13:13:53","modified_gmt":"2025-04-21T19:13:53","slug":"privacidad","status":"publish","type":"page","link":"https:\/\/www.promocionandonegocio.com\/somosarquitectos\/privacidad\/","title":{"rendered":"Privacidad"},"content":{"rendered":"\n\n\n<h1>Pol\u00edtica de Privacidad<\/h1><h5><br><\/h5><h5>Introducci\u00f3n<\/h5><br><p>En SomosArquitectos estamos comprometidos con la protecci\u00f3n de los datos que recogemos sobre usted. Al usar nuestros servicios, usted est\u00e1 de acuerdo con la utilizaci\u00f3n de los datos que recopilamos, de conformidad con esta Pol\u00edtica de Privacidad.<\/p><p><br>Estamos comprometidos a proteger su privacidad<\/p><p><br><\/p><p>Recogemos la cantidad de informaci\u00f3n sobre usted, que est\u00e1 en consonancia con proveerle un servicio satisfactorio. Esta pol\u00edtica indica el tipo de procesos que puede dar lugar a que se est\u00e1 recopilando datos sobre usted. El uso de este sitio web nos da el derecho a recolectar esa informaci\u00f3n.<\/p><h6><br>Informaci\u00f3n Recopilada<\/h6><p>Puede darse el caso que la totalidad o parte de la informaci\u00f3n que usted nos proporciona est\u00e1 en funci\u00f3n del tipo de servicio solicitado, incluyendo su nombre, direcci\u00f3n, nombre y direcci\u00f3n de su Sitio Web y direcci\u00f3n de correo electr\u00f3nico. Otros datos que puedan ser necesarios de vez en cuando para procesar una solicitud tambi\u00e9n pueden obtenerse tal y como se indica en la web.<\/p><h6><br>Uso de la Informaci\u00f3n<\/h6><p>Utilizamos la informaci\u00f3n recopilada principalmente para procesar la tarea para la que usted visit\u00f3 nuestro sitio web. Todas las precauciones son tomadas para prevenir el acceso no autorizado a esta informaci\u00f3n. Esta salvaguardia podr\u00e1 exigir que usted proporcione otras formas de identidad en caso de que desee obtener informaci\u00f3n sobre los detalles de su cuenta.<\/p><h6><br>Cookies<\/h6><p>Su navegador de Internet dispone de la capacidad de almacenar peque\u00f1os archivos \u2013 \u201ccookies\u201d \u2013 que poseen informaci\u00f3n que permite a un sitio web a reconocer su cuenta. Nuestro sitio web toma ventaja de esta caracter\u00edstica para mejorar su experiencia. Usted tiene la capacidad de impedir que su equipo acepte cookies, pero, si lo hace, algunas funcionalidades en la web pueden verse afectadas.<\/p><h6><br>Revelaci\u00f3n de la Informaci\u00f3n<\/h6><p>No revelaremos ninguna informaci\u00f3n personal acerca de usted obtenida desde este sitio web a terceros. Podemos utilizar la informaci\u00f3n para mantenernos en contacto con usted e informarle de los acontecimientos relacionados con nuestro negocio. Se le dar\u00e1 la facilidad de darse de baja de cualquier lista de correo o dispositivo similar. Si en cualquier momento en el futuro dese\u00e1ramos dar a conocer la informaci\u00f3n recogida en esta p\u00e1gina web a un tercero, s\u00f3lo ser\u00eda con su conocimiento y consentimiento.<\/p><p><br><\/p><p>Es posible que de vez en cuando proporcionemos informaci\u00f3n de car\u00e1cter general a terceros \u2013 por ejemplo, el n\u00famero de personas que visitan nuestro sitio web o completar un formulario de registro, pero no vamos a utilizar ninguna informaci\u00f3n que pueda identificar a los Clientes.<\/p><br><p>La utilizaci\u00f3n de los servicios de SomosArquitectos significa que el usuario ha le\u00eddo, entendido y acordado con los t\u00e9rminos antes expuestos en este documento y por lo tanto este documento constituye un acuerdo legal entre el usuario y SomosArquitectos. Si por alguna raz\u00f3n no estuviera de acuerdo con alguno de los t\u00e9rminos del presente documento, el usuario tiene la opci\u00f3n de no proporcionar informaci\u00f3n personal, o de no utilizar el servicio de SomosArquitectos.<\/p><h6><br>Cambios a esta Pol\u00edtica<\/h6><p>Cualquier modificaci\u00f3n de nuestra pol\u00edtica de privacidad ser\u00e1 colocada aqu\u00ed y sustituir\u00e1 a esta versi\u00f3n de nuestra Pol\u00edtica. Vamos a tomar las medidas razonables para llamar su atenci\u00f3n sobre cualquier cambio en nuestra pol\u00edtica. Sin embargo, para estar seguro, le sugerimos que lea este documento cada vez que utilice el sitio Web para asegurarse de que sigue cumpliendo con su aprobaci\u00f3n.<\/p><br>\n\n\n","protected":false},"excerpt":{"rendered":"","protected":false},"author":1,"featured_media":0,"parent":0,"menu_order":0,"comment_status":"closed","ping_status":"closed","template":"","meta":{"pagelayer_contact_templates":[],"_pagelayer_content":"","_joinchat":[],"footnotes":""},"class_list":["post-80","page","type-page","status-publish","hentry"],"yoast_head":"<!-- This site is optimized with the Yoast SEO plugin v27.4 - https:\/\/yoast.com\/product\/yoast-seo-wordpress\/ -->\n<title>Privacidad - Somos Arquitectos<\/title>\n<meta name=\"robots\" content=\"index, follow, max-snippet:-1, max-image-preview:large, max-video-preview:-1\" \/>\n<link rel=\"canonical\" href=\"https:\/\/www.promocionandonegocio.com\/somosarquitectos\/privacidad\/\" \/>\n<meta property=\"og:locale\" content=\"es_ES\" \/>\n<meta property=\"og:type\" content=\"article\" \/>\n<meta property=\"og:title\" content=\"Privacidad - Somos Arquitectos\" \/>\n<meta property=\"og:url\" content=\"https:\/\/www.promocionandonegocio.com\/somosarquitectos\/privacidad\/\" \/>\n<meta property=\"og:site_name\" content=\"Somos Arquitectos\" \/>\n<meta property=\"article:modified_time\" content=\"2025-04-21T19:13:53+00:00\" \/>\n<meta name=\"twitter:card\" content=\"summary_large_image\" \/>\n<meta name=\"twitter:label1\" content=\"Tiempo de lectura\" \/>\n\t<meta name=\"twitter:data1\" content=\"3 minutos\" \/>\n<script type=\"application\/ld+json\" class=\"yoast-schema-graph\">{\"@context\":\"https:\\\/\\\/schema.org\",\"@graph\":[{\"@type\":\"WebPage\",\"@id\":\"https:\\\/\\\/www.promocionandonegocio.com\\\/somosarquitectos\\\/privacidad\\\/\",\"url\":\"https:\\\/\\\/www.promocionandonegocio.com\\\/somosarquitectos\\\/privacidad\\\/\",\"name\":\"Privacidad - Somos Arquitectos\",\"isPartOf\":{\"@id\":\"https:\\\/\\\/www.promocionandonegocio.com\\\/somosarquitectos\\\/#website\"},\"datePublished\":\"2025-03-26T23:21:55+00:00\",\"dateModified\":\"2025-04-21T19:13:53+00:00\",\"breadcrumb\":{\"@id\":\"https:\\\/\\\/www.promocionandonegocio.com\\\/somosarquitectos\\\/privacidad\\\/#breadcrumb\"},\"inLanguage\":\"es\",\"potentialAction\":[{\"@type\":\"ReadAction\",\"target\":[\"https:\\\/\\\/www.promocionandonegocio.com\\\/somosarquitectos\\\/privacidad\\\/\"]}]},{\"@type\":\"BreadcrumbList\",\"@id\":\"https:\\\/\\\/www.promocionandonegocio.com\\\/somosarquitectos\\\/privacidad\\\/#breadcrumb\",\"itemListElement\":[{\"@type\":\"ListItem\",\"position\":1,\"name\":\"Portada\",\"item\":\"https:\\\/\\\/www.promocionandonegocio.com\\\/somosarquitectos\\\/\"},{\"@type\":\"ListItem\",\"position\":2,\"name\":\"Privacidad\"}]},{\"@type\":\"WebSite\",\"@id\":\"https:\\\/\\\/www.promocionandonegocio.com\\\/somosarquitectos\\\/#website\",\"url\":\"https:\\\/\\\/www.promocionandonegocio.com\\\/somosarquitectos\\\/\",\"name\":\"Somos Arquitectos\",\"description\":\"Arquitectura Contemporanea en M\u00e9xico\",\"publisher\":{\"@id\":\"https:\\\/\\\/www.promocionandonegocio.com\\\/somosarquitectos\\\/#\\\/schema\\\/person\\\/8f0397072e76cb6831d283bb4f196364\"},\"potentialAction\":[{\"@type\":\"SearchAction\",\"target\":{\"@type\":\"EntryPoint\",\"urlTemplate\":\"https:\\\/\\\/www.promocionandonegocio.com\\\/somosarquitectos\\\/?s={search_term_string}\"},\"query-input\":{\"@type\":\"PropertyValueSpecification\",\"valueRequired\":true,\"valueName\":\"search_term_string\"}}],\"inLanguage\":\"es\"},{\"@type\":[\"Person\",\"Organization\"],\"@id\":\"https:\\\/\\\/www.promocionandonegocio.com\\\/somosarquitectos\\\/#\\\/schema\\\/person\\\/8f0397072e76cb6831d283bb4f196364\",\"name\":\"Somosarq\",\"image\":{\"@type\":\"ImageObject\",\"inLanguage\":\"es\",\"@id\":\"https:\\\/\\\/secure.gravatar.com\\\/avatar\\\/37ee54e2792b8b7e646f8ab59582e67087bf6f06a3ec527f9ed8c74d84f09e11?s=96&d=mm&r=g\",\"url\":\"https:\\\/\\\/secure.gravatar.com\\\/avatar\\\/37ee54e2792b8b7e646f8ab59582e67087bf6f06a3ec527f9ed8c74d84f09e11?s=96&d=mm&r=g\",\"contentUrl\":\"https:\\\/\\\/secure.gravatar.com\\\/avatar\\\/37ee54e2792b8b7e646f8ab59582e67087bf6f06a3ec527f9ed8c74d84f09e11?s=96&d=mm&r=g\",\"caption\":\"Somosarq\"},\"logo\":{\"@id\":\"https:\\\/\\\/secure.gravatar.com\\\/avatar\\\/37ee54e2792b8b7e646f8ab59582e67087bf6f06a3ec527f9ed8c74d84f09e11?s=96&d=mm&r=g\"},\"sameAs\":[\"https:\\\/\\\/www.promocionandonegocio.com\\\/somosarquitectos\"]}]}<\/script>\n<!-- \/ Yoast SEO plugin. -->","yoast_head_json":{"title":"Privacidad - Somos Arquitectos","robots":{"index":"index","follow":"follow","max-snippet":"max-snippet:-1","max-image-preview":"max-image-preview:large","max-video-preview":"max-video-preview:-1"},"canonical":"https:\/\/www.promocionandonegocio.com\/somosarquitectos\/privacidad\/","og_locale":"es_ES","og_type":"article","og_title":"Privacidad - Somos Arquitectos","og_url":"https:\/\/www.promocionandonegocio.com\/somosarquitectos\/privacidad\/","og_site_name":"Somos Arquitectos","article_modified_time":"2025-04-21T19:13:53+00:00","twitter_card":"summary_large_image","twitter_misc":{"Tiempo de lectura":"3 minutos"},"schema":{"@context":"https:\/\/schema.org","@graph":[{"@type":"WebPage","@id":"https:\/\/www.promocionandonegocio.com\/somosarquitectos\/privacidad\/","url":"https:\/\/www.promocionandonegocio.com\/somosarquitectos\/privacidad\/","name":"Privacidad - Somos Arquitectos","isPartOf":{"@id":"https:\/\/www.promocionandonegocio.com\/somosarquitectos\/#website"},"datePublished":"2025-03-26T23:21:55+00:00","dateModified":"2025-04-21T19:13:53+00:00","breadcrumb":{"@id":"https:\/\/www.promocionandonegocio.com\/somosarquitectos\/privacidad\/#breadcrumb"},"inLanguage":"es","potentialAction":[{"@type":"ReadAction","target":["https:\/\/www.promocionandonegocio.com\/somosarquitectos\/privacidad\/"]}]},{"@type":"BreadcrumbList","@id":"https:\/\/www.promocionandonegocio.com\/somosarquitectos\/privacidad\/#breadcrumb","itemListElement":[{"@type":"ListItem","position":1,"name":"Portada","item":"https:\/\/www.promocionandonegocio.com\/somosarquitectos\/"},{"@type":"ListItem","position":2,"name":"Privacidad"}]},{"@type":"WebSite","@id":"https:\/\/www.promocionandonegocio.com\/somosarquitectos\/#website","url":"https:\/\/www.promocionandonegocio.com\/somosarquitectos\/","name":"Somos Arquitectos","description":"Arquitectura Contemporanea en M\u00e9xico","publisher":{"@id":"https:\/\/www.promocionandonegocio.com\/somosarquitectos\/#\/schema\/person\/8f0397072e76cb6831d283bb4f196364"},"potentialAction":[{"@type":"SearchAction","target":{"@type":"EntryPoint","urlTemplate":"https:\/\/www.promocionandonegocio.com\/somosarquitectos\/?s={search_term_string}"},"query-input":{"@type":"PropertyValueSpecification","valueRequired":true,"valueName":"search_term_string"}}],"inLanguage":"es"},{"@type":["Person","Organization"],"@id":"https:\/\/www.promocionandonegocio.com\/somosarquitectos\/#\/schema\/person\/8f0397072e76cb6831d283bb4f196364","name":"Somosarq","image":{"@type":"ImageObject","inLanguage":"es","@id":"https:\/\/secure.gravatar.com\/avatar\/37ee54e2792b8b7e646f8ab59582e67087bf6f06a3ec527f9ed8c74d84f09e11?s=96&d=mm&r=g","url":"https:\/\/secure.gravatar.com\/avatar\/37ee54e2792b8b7e646f8ab59582e67087bf6f06a3ec527f9ed8c74d84f09e11?s=96&d=mm&r=g","contentUrl":"https:\/\/secure.gravatar.com\/avatar\/37ee54e2792b8b7e646f8ab59582e67087bf6f06a3ec527f9ed8c74d84f09e11?s=96&d=mm&r=g","caption":"Somosarq"},"logo":{"@id":"https:\/\/secure.gravatar.com\/avatar\/37ee54e2792b8b7e646f8ab59582e67087bf6f06a3ec527f9ed8c74d84f09e11?s=96&d=mm&r=g"},"sameAs":["https:\/\/www.promocionandonegocio.com\/somosarquitectos"]}]}},"_links":{"self":[{"href":"https:\/\/www.promocionandonegocio.com\/somosarquitectos\/wp-json\/wp\/v2\/pages\/80","targetHints":{"allow":["GET"]}}],"collection":[{"href":"https:\/\/www.promocionandonegocio.com\/somosarquitectos\/wp-json\/wp\/v2\/pages"}],"about":[{"href":"https:\/\/www.promocionandonegocio.com\/somosarquitectos\/wp-json\/wp\/v2\/types\/page"}],"author":[{"embeddable":true,"href":"https:\/\/www.promocionandonegocio.com\/somosarquitectos\/wp-json\/wp\/v2\/users\/1"}],"replies":[{"embeddable":true,"href":"https:\/\/www.promocionandonegocio.com\/somosarquitectos\/wp-json\/wp\/v2\/comments?post=80"}],"version-history":[{"count":2,"href":"https:\/\/www.promocionandonegocio.com\/somosarquitectos\/wp-json\/wp\/v2\/pages\/80\/revisions"}],"predecessor-version":[{"id":197,"href":"https:\/\/www.promocionandonegocio.com\/somosarquitectos\/wp-json\/wp\/v2\/pages\/80\/revisions\/197"}],"wp:attachment":[{"href":"https:\/\/www.promocionandonegocio.com\/somosarquitectos\/wp-json\/wp\/v2\/media?parent=80"}],"curies":[{"name":"wp","href":"https:\/\/api.w.org\/{rel}","templated":true}]}}