{"id":30,"date":"2025-03-24T18:03:50","date_gmt":"2025-03-25T00:03:50","guid":{"rendered":"https:\/\/www.promocionandonegocio.com\/somosarquitectos\/about\/"},"modified":"2025-05-14T12:08:50","modified_gmt":"2025-05-14T18:08:50","slug":"acerca-de","status":"publish","type":"page","link":"https:\/\/www.promocionandonegocio.com\/somosarquitectos\/acerca-de\/","title":{"rendered":"Acerca de"},"content":{"rendered":"\n\n\n<h1>Acerca de Nosotros<\/h1>\n\n\n\n\n\n<h6>acerca de nosotros <\/h6>\n<h2>Ideas innovadoras y dise\u00f1os con estilo<\/h2>\n\n<p>Somos Arquitectos: Expertos en dise\u00f1o y construcci\u00f3n con los materiales y tendencias m\u00e1s actuales. Fundados en 2018 en la Ciudad de M\u00e9xico.<\/p>\n\n\n\n\n\n<h2>Que Hacemos<\/h2>\n\n\n\n<p><span><span style=\"font-size:15px;\">Arquitectura residencial contempor\u00e1nea: Creamos hogares \u00fanicos con dise\u00f1o vanguardista, funcionalidad y materiales sostenibles. Proyectos personalizados para maximizar confort y estilo de vida. <\/span><br><\/span><\/p>\n\n\n<p><span style=\"font-size: 15px;\">Espacios laborales innovadores: Oficinas modernas que fusionan productividad, bienestar y est\u00e9tica. Dise\u00f1o arquitect\u00f3nico flexible y tecnol\u00f3gico para empresas inspiradoras.<\/span><\/p>\n\n\n<p><span style=\"font-size: 15px;\">Arquitectura hospitalaria contempor\u00e1nea: Proyectos centrados en eficiencia, flujos seguros y bienestar del paciente. Tecnolog\u00eda y dise\u00f1o humanizado para entornos sanitarios de vanguardia.<\/span><\/p>\n\n\n\n\n\n\n\n\n\n\n\n\n\n\n\n\n\n\n\n\n<h2>testimonios<\/h2>\n\n\n\n\n\n<p><span style=\"font-size: 15px;\">Confiar en Somos Arquitectos fue la mejor decisi\u00f3n. Su equipo de profesionales es altamente capacitado y me brind\u00f3 un servicio excepcional.<\/span><\/p>\n\n\n<p><span style=\"font-size: 15px;\">Somos Arquitectos super\u00f3 mis expectativas. Crearon un espacio \u00fanico y acogedor que refleja mi estilo. \u00a1Estoy encantada con el resultado!<\/span><\/p>\n\n\n<p><span style=\"font-size: 15px;\">Necesitaba una reforma urgente y Somos Arquitectos me solucion\u00f3 el problema en tiempo r\u00e9cord. \u00a1Un equipo eficiente y confiable!<\/span><\/p>\n\n\n","protected":false},"excerpt":{"rendered":"","protected":false},"author":1,"featured_media":0,"parent":0,"menu_order":0,"comment_status":"closed","ping_status":"closed","template":"","meta":{"pagelayer_contact_templates":[],"_pagelayer_content":"","_joinchat":{"telephone":"5586860160"},"footnotes":""},"class_list":["post-30","page","type-page","status-publish","hentry"],"yoast_head":"<!-- This site is optimized with the Yoast SEO plugin v27.4 - https:\/\/yoast.com\/product\/yoast-seo-wordpress\/ -->\n<title>Acerca de - Somos Arquitectos<\/title>\n<meta name=\"robots\" content=\"index, follow, max-snippet:-1, max-image-preview:large, max-video-preview:-1\" \/>\n<link rel=\"canonical\" href=\"https:\/\/www.promocionandonegocio.com\/somosarquitectos\/acerca-de\/\" \/>\n<meta property=\"og:locale\" content=\"es_ES\" \/>\n<meta property=\"og:type\" content=\"article\" \/>\n<meta property=\"og:title\" content=\"Acerca de - Somos Arquitectos\" \/>\n<meta property=\"og:url\" content=\"https:\/\/www.promocionandonegocio.com\/somosarquitectos\/acerca-de\/\" \/>\n<meta property=\"og:site_name\" content=\"Somos Arquitectos\" \/>\n<meta property=\"article:modified_time\" content=\"2025-05-14T18:08:50+00:00\" \/>\n<meta name=\"twitter:card\" content=\"summary_large_image\" \/>\n<meta name=\"twitter:label1\" content=\"Tiempo de lectura\" \/>\n\t<meta name=\"twitter:data1\" content=\"1 minuto\" \/>\n<script type=\"application\/ld+json\" class=\"yoast-schema-graph\">{\"@context\":\"https:\\\/\\\/schema.org\",\"@graph\":[{\"@type\":\"WebPage\",\"@id\":\"https:\\\/\\\/www.promocionandonegocio.com\\\/somosarquitectos\\\/acerca-de\\\/\",\"url\":\"https:\\\/\\\/www.promocionandonegocio.com\\\/somosarquitectos\\\/acerca-de\\\/\",\"name\":\"Acerca de - Somos Arquitectos\",\"isPartOf\":{\"@id\":\"https:\\\/\\\/www.promocionandonegocio.com\\\/somosarquitectos\\\/#website\"},\"datePublished\":\"2025-03-25T00:03:50+00:00\",\"dateModified\":\"2025-05-14T18:08:50+00:00\",\"breadcrumb\":{\"@id\":\"https:\\\/\\\/www.promocionandonegocio.com\\\/somosarquitectos\\\/acerca-de\\\/#breadcrumb\"},\"inLanguage\":\"es\",\"potentialAction\":[{\"@type\":\"ReadAction\",\"target\":[\"https:\\\/\\\/www.promocionandonegocio.com\\\/somosarquitectos\\\/acerca-de\\\/\"]}]},{\"@type\":\"BreadcrumbList\",\"@id\":\"https:\\\/\\\/www.promocionandonegocio.com\\\/somosarquitectos\\\/acerca-de\\\/#breadcrumb\",\"itemListElement\":[{\"@type\":\"ListItem\",\"position\":1,\"name\":\"Portada\",\"item\":\"https:\\\/\\\/www.promocionandonegocio.com\\\/somosarquitectos\\\/\"},{\"@type\":\"ListItem\",\"position\":2,\"name\":\"Acerca de\"}]},{\"@type\":\"WebSite\",\"@id\":\"https:\\\/\\\/www.promocionandonegocio.com\\\/somosarquitectos\\\/#website\",\"url\":\"https:\\\/\\\/www.promocionandonegocio.com\\\/somosarquitectos\\\/\",\"name\":\"Somos Arquitectos\",\"description\":\"Arquitectura Contemporanea en M\u00e9xico\",\"publisher\":{\"@id\":\"https:\\\/\\\/www.promocionandonegocio.com\\\/somosarquitectos\\\/#\\\/schema\\\/person\\\/8f0397072e76cb6831d283bb4f196364\"},\"potentialAction\":[{\"@type\":\"SearchAction\",\"target\":{\"@type\":\"EntryPoint\",\"urlTemplate\":\"https:\\\/\\\/www.promocionandonegocio.com\\\/somosarquitectos\\\/?s={search_term_string}\"},\"query-input\":{\"@type\":\"PropertyValueSpecification\",\"valueRequired\":true,\"valueName\":\"search_term_string\"}}],\"inLanguage\":\"es\"},{\"@type\":[\"Person\",\"Organization\"],\"@id\":\"https:\\\/\\\/www.promocionandonegocio.com\\\/somosarquitectos\\\/#\\\/schema\\\/person\\\/8f0397072e76cb6831d283bb4f196364\",\"name\":\"Somosarq\",\"image\":{\"@type\":\"ImageObject\",\"inLanguage\":\"es\",\"@id\":\"https:\\\/\\\/secure.gravatar.com\\\/avatar\\\/37ee54e2792b8b7e646f8ab59582e67087bf6f06a3ec527f9ed8c74d84f09e11?s=96&d=mm&r=g\",\"url\":\"https:\\\/\\\/secure.gravatar.com\\\/avatar\\\/37ee54e2792b8b7e646f8ab59582e67087bf6f06a3ec527f9ed8c74d84f09e11?s=96&d=mm&r=g\",\"contentUrl\":\"https:\\\/\\\/secure.gravatar.com\\\/avatar\\\/37ee54e2792b8b7e646f8ab59582e67087bf6f06a3ec527f9ed8c74d84f09e11?s=96&d=mm&r=g\",\"caption\":\"Somosarq\"},\"logo\":{\"@id\":\"https:\\\/\\\/secure.gravatar.com\\\/avatar\\\/37ee54e2792b8b7e646f8ab59582e67087bf6f06a3ec527f9ed8c74d84f09e11?s=96&d=mm&r=g\"},\"sameAs\":[\"https:\\\/\\\/www.promocionandonegocio.com\\\/somosarquitectos\"]}]}<\/script>\n<!-- \/ Yoast SEO plugin. -->","yoast_head_json":{"title":"Acerca de - Somos Arquitectos","robots":{"index":"index","follow":"follow","max-snippet":"max-snippet:-1","max-image-preview":"max-image-preview:large","max-video-preview":"max-video-preview:-1"},"canonical":"https:\/\/www.promocionandonegocio.com\/somosarquitectos\/acerca-de\/","og_locale":"es_ES","og_type":"article","og_title":"Acerca de - Somos Arquitectos","og_url":"https:\/\/www.promocionandonegocio.com\/somosarquitectos\/acerca-de\/","og_site_name":"Somos Arquitectos","article_modified_time":"2025-05-14T18:08:50+00:00","twitter_card":"summary_large_image","twitter_misc":{"Tiempo de lectura":"1 minuto"},"schema":{"@context":"https:\/\/schema.org","@graph":[{"@type":"WebPage","@id":"https:\/\/www.promocionandonegocio.com\/somosarquitectos\/acerca-de\/","url":"https:\/\/www.promocionandonegocio.com\/somosarquitectos\/acerca-de\/","name":"Acerca de - Somos Arquitectos","isPartOf":{"@id":"https:\/\/www.promocionandonegocio.com\/somosarquitectos\/#website"},"datePublished":"2025-03-25T00:03:50+00:00","dateModified":"2025-05-14T18:08:50+00:00","breadcrumb":{"@id":"https:\/\/www.promocionandonegocio.com\/somosarquitectos\/acerca-de\/#breadcrumb"},"inLanguage":"es","potentialAction":[{"@type":"ReadAction","target":["https:\/\/www.promocionandonegocio.com\/somosarquitectos\/acerca-de\/"]}]},{"@type":"BreadcrumbList","@id":"https:\/\/www.promocionandonegocio.com\/somosarquitectos\/acerca-de\/#breadcrumb","itemListElement":[{"@type":"ListItem","position":1,"name":"Portada","item":"https:\/\/www.promocionandonegocio.com\/somosarquitectos\/"},{"@type":"ListItem","position":2,"name":"Acerca de"}]},{"@type":"WebSite","@id":"https:\/\/www.promocionandonegocio.com\/somosarquitectos\/#website","url":"https:\/\/www.promocionandonegocio.com\/somosarquitectos\/","name":"Somos Arquitectos","description":"Arquitectura Contemporanea en M\u00e9xico","publisher":{"@id":"https:\/\/www.promocionandonegocio.com\/somosarquitectos\/#\/schema\/person\/8f0397072e76cb6831d283bb4f196364"},"potentialAction":[{"@type":"SearchAction","target":{"@type":"EntryPoint","urlTemplate":"https:\/\/www.promocionandonegocio.com\/somosarquitectos\/?s={search_term_string}"},"query-input":{"@type":"PropertyValueSpecification","valueRequired":true,"valueName":"search_term_string"}}],"inLanguage":"es"},{"@type":["Person","Organization"],"@id":"https:\/\/www.promocionandonegocio.com\/somosarquitectos\/#\/schema\/person\/8f0397072e76cb6831d283bb4f196364","name":"Somosarq","image":{"@type":"ImageObject","inLanguage":"es","@id":"https:\/\/secure.gravatar.com\/avatar\/37ee54e2792b8b7e646f8ab59582e67087bf6f06a3ec527f9ed8c74d84f09e11?s=96&d=mm&r=g","url":"https:\/\/secure.gravatar.com\/avatar\/37ee54e2792b8b7e646f8ab59582e67087bf6f06a3ec527f9ed8c74d84f09e11?s=96&d=mm&r=g","contentUrl":"https:\/\/secure.gravatar.com\/avatar\/37ee54e2792b8b7e646f8ab59582e67087bf6f06a3ec527f9ed8c74d84f09e11?s=96&d=mm&r=g","caption":"Somosarq"},"logo":{"@id":"https:\/\/secure.gravatar.com\/avatar\/37ee54e2792b8b7e646f8ab59582e67087bf6f06a3ec527f9ed8c74d84f09e11?s=96&d=mm&r=g"},"sameAs":["https:\/\/www.promocionandonegocio.com\/somosarquitectos"]}]}},"_links":{"self":[{"href":"https:\/\/www.promocionandonegocio.com\/somosarquitectos\/wp-json\/wp\/v2\/pages\/30","targetHints":{"allow":["GET"]}}],"collection":[{"href":"https:\/\/www.promocionandonegocio.com\/somosarquitectos\/wp-json\/wp\/v2\/pages"}],"about":[{"href":"https:\/\/www.promocionandonegocio.com\/somosarquitectos\/wp-json\/wp\/v2\/types\/page"}],"author":[{"embeddable":true,"href":"https:\/\/www.promocionandonegocio.com\/somosarquitectos\/wp-json\/wp\/v2\/users\/1"}],"replies":[{"embeddable":true,"href":"https:\/\/www.promocionandonegocio.com\/somosarquitectos\/wp-json\/wp\/v2\/comments?post=30"}],"version-history":[{"count":9,"href":"https:\/\/www.promocionandonegocio.com\/somosarquitectos\/wp-json\/wp\/v2\/pages\/30\/revisions"}],"predecessor-version":[{"id":236,"href":"https:\/\/www.promocionandonegocio.com\/somosarquitectos\/wp-json\/wp\/v2\/pages\/30\/revisions\/236"}],"wp:attachment":[{"href":"https:\/\/www.promocionandonegocio.com\/somosarquitectos\/wp-json\/wp\/v2\/media?parent=30"}],"curies":[{"name":"wp","href":"https:\/\/api.w.org\/{rel}","templated":true}]}}