{"id":2499,"date":"2025-01-12T18:02:08","date_gmt":"2025-01-13T00:02:08","guid":{"rendered":"https:\/\/www.promocionandonegocio.com\/mascotasderesina\/?page_id=2499"},"modified":"2025-01-16T20:59:18","modified_gmt":"2025-01-17T02:59:18","slug":"blog","status":"publish","type":"page","link":"https:\/\/www.promocionandonegocio.com\/mascotasderesina\/blog\/","title":{"rendered":"Blog"},"content":{"rendered":"\n<p><\/p>\n\n\n\n<div class=\"wp-block-uagb-container uagb-block-e6a36887 alignfull uagb-is-root-container\">\n<div class=\"wp-block-uagb-advanced-heading uagb-block-ff57f4a6\"><h1 class=\"uagb-heading-text\">Blog de Mascotas de Resina<\/h1><\/div>\n<\/div>\n\n\n\n<div class=\"wp-block-uagb-container uagb-block-be28fb61 alignfull uagb-is-root-container\"><div class=\"uagb-container-inner-blocks-wrap\">\n<div style=\"height:50px\" aria-hidden=\"true\" class=\"wp-block-spacer\"><\/div>\n\n\n\n<div class=\"wp-block-uagb-advanced-heading uagb-block-f1069171\"><h2 class=\"uagb-heading-text\">Art\u00edculos Recientes<\/h2><\/div>\n\n\n\n<div class=\"wp-block-uagb-container uagb-block-ce9341e1\">\n<div style=\"height:50px\" aria-hidden=\"true\" class=\"wp-block-spacer\"><\/div>\n<\/div>\n\n\n\n\t\t\t<div class=\"wp-block-uagb-post-grid uagb-post-grid  uagb-post__image-position-top uagb-post__image-enabled uagb-block-0f0f9f15     uagb-post__items uagb-post__columns-4 is-grid uagb-post__columns-tablet-2 uagb-post__columns-mobile-1 uagb-post__equal-height\" data-total=\"1\" style=\"\">\n\n\t\t\t\t\t\t\t\t\t\t\t\t<article class=\"uagb-post__inner-wrap\">\t\t\t\t\t\t\t\t<div class='uagb-post__image'>\n\t\t\t\t\t\t\t\t\t<a href=\"https:\/\/www.promocionandonegocio.com\/mascotasderesina\/las-ventajas-de-tener-una-mascota-de-resina-un-toque-de-originalidad-y-durabilidad-en-tu-hogar\/\" target=\"_self\" rel=\"bookmark noopener noreferrer\" class='uagb-image-ratio-inherit'><img loading=\"lazy\" decoding=\"async\" width=\"1024\" height=\"559\" src=\"https:\/\/www.promocionandonegocio.com\/mascotasderesina\/wp-content\/uploads\/2025\/01\/gatoresina-1024x559.jpg\" class=\"attachment-large size-large\" alt=\"\" srcset=\"https:\/\/www.promocionandonegocio.com\/mascotasderesina\/wp-content\/uploads\/2025\/01\/gatoresina-1024x559.jpg 1024w, https:\/\/www.promocionandonegocio.com\/mascotasderesina\/wp-content\/uploads\/2025\/01\/gatoresina-300x164.jpg 300w, https:\/\/www.promocionandonegocio.com\/mascotasderesina\/wp-content\/uploads\/2025\/01\/gatoresina-768x419.jpg 768w, https:\/\/www.promocionandonegocio.com\/mascotasderesina\/wp-content\/uploads\/2025\/01\/gatoresina-600x327.jpg 600w, https:\/\/www.promocionandonegocio.com\/mascotasderesina\/wp-content\/uploads\/2025\/01\/gatoresina.jpg 1408w\" sizes=\"auto, (max-width: 1024px) 100vw, 1024px\" \/>\t\t\t\t\t<\/a>\n\t\t\t\t\t\t\t<\/div>\n\t\t\t\t\t\t<h4 class=\"uagb-post__title uagb-post__text\">\n\t\t\t\t<a href=\"https:\/\/www.promocionandonegocio.com\/mascotasderesina\/las-ventajas-de-tener-una-mascota-de-resina-un-toque-de-originalidad-y-durabilidad-en-tu-hogar\/\" target=\"_self\" rel=\"bookmark noopener noreferrer\">Ventajas de una Mascota de Resina: Durabilidad y Originalidad en tu Hogar<\/a>\n\t\t\t<\/h4>\n\t\t\t\t\t\t<div class='uagb-post__text uagb-post-grid-byline'>\n\t\t\t\t\t\t\t\t<time datetime=\"2025-01-13T18:28:06-06:00\" class=\"uagb-post__date\">\n\t\t\t\t<span class=\"dashicons-calendar dashicons\"><\/span>\t\t\t\t\tenero 13, 2025\t\t\t\t<\/time>\n\t\t\t\t\t\t\t<span class=\"uagb-post__comment\">\n\t\t\t\t<span class=\"dashicons-admin-comments dashicons\"><\/span>\t\t\t\t\tNo hay comentarios\t\t\t\t<\/span>\n\t\t\t\t\t\t<\/div>\n\t\t\t\t\t\t\t<div class='uagb-post__text uagb-post__excerpt'>\n\t\t\t\t\t<p>\u00bfQui\u00e9n dice que las mascotas solo pueden ser de carne y hueso? En los \u00faltimos a\u00f1os, las figuras de animales&#8230;\t\t\t\t<\/div>\n\t\t\t\t\t\t<div class=\"uagb-post__text uagb-post__cta wp-block-button\">\n\t\t\t\t<a class=\"wp-block-button__link uagb-text-link\" style=\"\" href=\"https:\/\/www.promocionandonegocio.com\/mascotasderesina\/las-ventajas-de-tener-una-mascota-de-resina-un-toque-de-originalidad-y-durabilidad-en-tu-hogar\/\" target=\"_self\" rel=\"bookmark noopener noreferrer\">Leer m\u00e1s<\/a>\n\t\t\t<\/div>\n\t\t\t\n\t\t\t\t\t\t\t\t\t<\/article>\n\t\t\t\t\t\t\t\t\t\t\t\t\t\t\t\t<article class=\"uagb-post__inner-wrap\">\t\t\t\t\t\t\t\t<div class='uagb-post__image'>\n\t\t\t\t\t\t\t\t\t<a href=\"https:\/\/www.promocionandonegocio.com\/mascotasderesina\/un-perro-de-resina\/\" target=\"_self\" rel=\"bookmark noopener noreferrer\" class='uagb-image-ratio-inherit'><img loading=\"lazy\" decoding=\"async\" width=\"1024\" height=\"559\" src=\"https:\/\/www.promocionandonegocio.com\/mascotasderesina\/wp-content\/uploads\/2025\/01\/artesana-crea-fox-1024x559.jpg\" class=\"attachment-large size-large\" alt=\"\" srcset=\"https:\/\/www.promocionandonegocio.com\/mascotasderesina\/wp-content\/uploads\/2025\/01\/artesana-crea-fox-1024x559.jpg 1024w, https:\/\/www.promocionandonegocio.com\/mascotasderesina\/wp-content\/uploads\/2025\/01\/artesana-crea-fox-300x164.jpg 300w, https:\/\/www.promocionandonegocio.com\/mascotasderesina\/wp-content\/uploads\/2025\/01\/artesana-crea-fox-768x419.jpg 768w, https:\/\/www.promocionandonegocio.com\/mascotasderesina\/wp-content\/uploads\/2025\/01\/artesana-crea-fox-600x327.jpg 600w, https:\/\/www.promocionandonegocio.com\/mascotasderesina\/wp-content\/uploads\/2025\/01\/artesana-crea-fox.jpg 1408w\" sizes=\"auto, (max-width: 1024px) 100vw, 1024px\" \/>\t\t\t\t\t<\/a>\n\t\t\t\t\t\t\t<\/div>\n\t\t\t\t\t\t<h4 class=\"uagb-post__title uagb-post__text\">\n\t\t\t\t<a href=\"https:\/\/www.promocionandonegocio.com\/mascotasderesina\/un-perro-de-resina\/\" target=\"_self\" rel=\"bookmark noopener noreferrer\">Creando un perro de resina: Un proceso paso a paso<\/a>\n\t\t\t<\/h4>\n\t\t\t\t\t\t<div class='uagb-post__text uagb-post-grid-byline'>\n\t\t\t\t\t\t\t\t<time datetime=\"2025-01-07T20:14:00-06:00\" class=\"uagb-post__date\">\n\t\t\t\t<span class=\"dashicons-calendar dashicons\"><\/span>\t\t\t\t\tenero 7, 2025\t\t\t\t<\/time>\n\t\t\t\t\t\t\t<span class=\"uagb-post__comment\">\n\t\t\t\t<span class=\"dashicons-admin-comments dashicons\"><\/span>\t\t\t\t\tNo hay comentarios\t\t\t\t<\/span>\n\t\t\t\t\t\t<\/div>\n\t\t\t\t\t\t\t<div class='uagb-post__text uagb-post__excerpt'>\n\t\t\t\t\t<p>Las mascotas son una parte importante de nuestras vidas y a menudo se convierten en miembros de la familia. Para&#8230;\t\t\t\t<\/div>\n\t\t\t\t\t\t<div class=\"uagb-post__text uagb-post__cta wp-block-button\">\n\t\t\t\t<a class=\"wp-block-button__link uagb-text-link\" style=\"\" href=\"https:\/\/www.promocionandonegocio.com\/mascotasderesina\/un-perro-de-resina\/\" target=\"_self\" rel=\"bookmark noopener noreferrer\">Leer m\u00e1s<\/a>\n\t\t\t<\/div>\n\t\t\t\n\t\t\t\t\t\t\t\t\t<\/article>\n\t\t\t\t\t\t\t\t\t\t\t\t\t<div class=\"uagb-post-pagination-wrap\">\n\t\t\t\t\t\t\t\t\t\t\t<\/div>\n\t\t\t\t\t\t\t\t<\/div>\n\t\t\t<\/div><\/div>\n\n\n\n<p><\/p>\n","protected":false},"excerpt":{"rendered":"<p>Blog de Mascotas de Resina Art\u00edculos Recientes<\/p>\n","protected":false},"author":1,"featured_media":0,"parent":0,"menu_order":0,"comment_status":"closed","ping_status":"closed","template":"","meta":{"_uag_custom_page_level_css":"","site-sidebar-layout":"default","site-content-layout":"","ast-site-content-layout":"full-width-container","site-content-style":"default","site-sidebar-style":"default","ast-global-header-display":"","ast-banner-title-visibility":"disabled","ast-main-header-display":"","ast-hfb-above-header-display":"","ast-hfb-below-header-display":"","ast-hfb-mobile-header-display":"","site-post-title":"","ast-breadcrumbs-content":"","ast-featured-img":"","footer-sml-layout":"","ast-disable-related-posts":"","theme-transparent-header-meta":"enabled","adv-header-id-meta":"","stick-header-meta":"","header-above-stick-meta":"","header-main-stick-meta":"","header-below-stick-meta":"","astra-migrate-meta-layouts":"set","ast-page-background-enabled":"default","ast-page-background-meta":{"desktop":{"background-color":"var(--ast-global-color-4)","background-image":"","background-repeat":"repeat","background-position":"center center","background-size":"auto","background-attachment":"scroll","background-type":"","background-media":"","overlay-type":"","overlay-color":"","overlay-opacity":"","overlay-gradient":""},"tablet":{"background-color":"","background-image":"","background-repeat":"repeat","background-position":"center center","background-size":"auto","background-attachment":"scroll","background-type":"","background-media":"","overlay-type":"","overlay-color":"","overlay-opacity":"","overlay-gradient":""},"mobile":{"background-color":"","background-image":"","background-repeat":"repeat","background-position":"center center","background-size":"auto","background-attachment":"scroll","background-type":"","background-media":"","overlay-type":"","overlay-color":"","overlay-opacity":"","overlay-gradient":""}},"ast-content-background-meta":{"desktop":{"background-color":"var(--ast-global-color-5)","background-image":"","background-repeat":"repeat","background-position":"center center","background-size":"auto","background-attachment":"scroll","background-type":"","background-media":"","overlay-type":"","overlay-color":"","overlay-opacity":"","overlay-gradient":""},"tablet":{"background-color":"var(--ast-global-color-5)","background-image":"","background-repeat":"repeat","background-position":"center center","background-size":"auto","background-attachment":"scroll","background-type":"","background-media":"","overlay-type":"","overlay-color":"","overlay-opacity":"","overlay-gradient":""},"mobile":{"background-color":"var(--ast-global-color-5)","background-image":"","background-repeat":"repeat","background-position":"center center","background-size":"auto","background-attachment":"scroll","background-type":"","background-media":"","overlay-type":"","overlay-color":"","overlay-opacity":"","overlay-gradient":""}},"_joinchat":[],"footnotes":""},"class_list":["post-2499","page","type-page","status-publish","hentry"],"yoast_head":"<!-- This site is optimized with the Yoast SEO plugin v27.4 - https:\/\/yoast.com\/product\/yoast-seo-wordpress\/ -->\n<title>Blog - Mascotas de Resina<\/title>\n<meta name=\"description\" content=\"Art\u00edculos recientes del blog de mascotas de resina encontrar\u00e1s todos los art\u00edculos relacionados con el tema de las mascotas de resina\" \/>\n<meta name=\"robots\" content=\"index, follow, max-snippet:-1, max-image-preview:large, max-video-preview:-1\" \/>\n<link rel=\"canonical\" href=\"https:\/\/www.promocionandonegocio.com\/mascotasderesina\/blog\/\" \/>\n<meta property=\"og:locale\" content=\"es_ES\" \/>\n<meta property=\"og:type\" content=\"article\" \/>\n<meta property=\"og:title\" content=\"Blog - Mascotas de Resina\" \/>\n<meta property=\"og:description\" content=\"Art\u00edculos recientes del blog de mascotas de resina encontrar\u00e1s todos los art\u00edculos relacionados con el tema de las mascotas de resina\" \/>\n<meta property=\"og:url\" content=\"https:\/\/www.promocionandonegocio.com\/mascotasderesina\/blog\/\" \/>\n<meta property=\"og:site_name\" content=\"Mascotas de Resina\" \/>\n<meta property=\"article:modified_time\" content=\"2025-01-17T02:59:18+00:00\" \/>\n<meta name=\"twitter:card\" content=\"summary_large_image\" \/>\n<meta name=\"twitter:label1\" content=\"Tiempo de lectura\" \/>\n\t<meta name=\"twitter:data1\" content=\"1 minuto\" \/>\n<script type=\"application\/ld+json\" class=\"yoast-schema-graph\">{\"@context\":\"https:\\\/\\\/schema.org\",\"@graph\":[{\"@type\":\"WebPage\",\"@id\":\"https:\\\/\\\/www.promocionandonegocio.com\\\/mascotasderesina\\\/blog\\\/\",\"url\":\"https:\\\/\\\/www.promocionandonegocio.com\\\/mascotasderesina\\\/blog\\\/\",\"name\":\"Blog - Mascotas de Resina\",\"isPartOf\":{\"@id\":\"https:\\\/\\\/www.promocionandonegocio.com\\\/mascotasderesina\\\/#website\"},\"datePublished\":\"2025-01-13T00:02:08+00:00\",\"dateModified\":\"2025-01-17T02:59:18+00:00\",\"description\":\"Art\u00edculos recientes del blog de mascotas de resina encontrar\u00e1s todos los art\u00edculos relacionados con el tema de las mascotas de resina\",\"breadcrumb\":{\"@id\":\"https:\\\/\\\/www.promocionandonegocio.com\\\/mascotasderesina\\\/blog\\\/#breadcrumb\"},\"inLanguage\":\"es\",\"potentialAction\":[{\"@type\":\"ReadAction\",\"target\":[\"https:\\\/\\\/www.promocionandonegocio.com\\\/mascotasderesina\\\/blog\\\/\"]}]},{\"@type\":\"BreadcrumbList\",\"@id\":\"https:\\\/\\\/www.promocionandonegocio.com\\\/mascotasderesina\\\/blog\\\/#breadcrumb\",\"itemListElement\":[{\"@type\":\"ListItem\",\"position\":1,\"name\":\"Home\",\"item\":\"https:\\\/\\\/www.promocionandonegocio.com\\\/mascotasderesina\\\/\"},{\"@type\":\"ListItem\",\"position\":2,\"name\":\"Blog\"}]},{\"@type\":\"WebSite\",\"@id\":\"https:\\\/\\\/www.promocionandonegocio.com\\\/mascotasderesina\\\/#website\",\"url\":\"https:\\\/\\\/www.promocionandonegocio.com\\\/mascotasderesina\\\/\",\"name\":\"Mascotas de Resina\",\"description\":\"Ciudad de M\u00e9xico\",\"publisher\":{\"@id\":\"https:\\\/\\\/www.promocionandonegocio.com\\\/mascotasderesina\\\/#\\\/schema\\\/person\\\/4817ce46993b2f733da5e0cc2fff390f\"},\"potentialAction\":[{\"@type\":\"SearchAction\",\"target\":{\"@type\":\"EntryPoint\",\"urlTemplate\":\"https:\\\/\\\/www.promocionandonegocio.com\\\/mascotasderesina\\\/?s={search_term_string}\"},\"query-input\":{\"@type\":\"PropertyValueSpecification\",\"valueRequired\":true,\"valueName\":\"search_term_string\"}}],\"inLanguage\":\"es\"},{\"@type\":[\"Person\",\"Organization\"],\"@id\":\"https:\\\/\\\/www.promocionandonegocio.com\\\/mascotasderesina\\\/#\\\/schema\\\/person\\\/4817ce46993b2f733da5e0cc2fff390f\",\"name\":\"Mascotas de Resina\",\"image\":{\"@type\":\"ImageObject\",\"inLanguage\":\"es\",\"@id\":\"https:\\\/\\\/www.promocionandonegocio.com\\\/mascotasderesina\\\/wp-content\\\/uploads\\\/2024\\\/11\\\/logomascotas.webp\",\"url\":\"https:\\\/\\\/www.promocionandonegocio.com\\\/mascotasderesina\\\/wp-content\\\/uploads\\\/2024\\\/11\\\/logomascotas.webp\",\"contentUrl\":\"https:\\\/\\\/www.promocionandonegocio.com\\\/mascotasderesina\\\/wp-content\\\/uploads\\\/2024\\\/11\\\/logomascotas.webp\",\"width\":626,\"height\":302,\"caption\":\"Mascotas de Resina\"},\"logo\":{\"@id\":\"https:\\\/\\\/www.promocionandonegocio.com\\\/mascotasderesina\\\/wp-content\\\/uploads\\\/2024\\\/11\\\/logomascotas.webp\"},\"sameAs\":[\"https:\\\/\\\/www.promocionandonegocio.com\\\/mascotasderesina\"]}]}<\/script>\n<!-- \/ Yoast SEO plugin. -->","yoast_head_json":{"title":"Blog - Mascotas de Resina","description":"Art\u00edculos recientes del blog de mascotas de resina encontrar\u00e1s todos los art\u00edculos relacionados con el tema de las mascotas de resina","robots":{"index":"index","follow":"follow","max-snippet":"max-snippet:-1","max-image-preview":"max-image-preview:large","max-video-preview":"max-video-preview:-1"},"canonical":"https:\/\/www.promocionandonegocio.com\/mascotasderesina\/blog\/","og_locale":"es_ES","og_type":"article","og_title":"Blog - Mascotas de Resina","og_description":"Art\u00edculos recientes del blog de mascotas de resina encontrar\u00e1s todos los art\u00edculos relacionados con el tema de las mascotas de resina","og_url":"https:\/\/www.promocionandonegocio.com\/mascotasderesina\/blog\/","og_site_name":"Mascotas de Resina","article_modified_time":"2025-01-17T02:59:18+00:00","twitter_card":"summary_large_image","twitter_misc":{"Tiempo de lectura":"1 minuto"},"schema":{"@context":"https:\/\/schema.org","@graph":[{"@type":"WebPage","@id":"https:\/\/www.promocionandonegocio.com\/mascotasderesina\/blog\/","url":"https:\/\/www.promocionandonegocio.com\/mascotasderesina\/blog\/","name":"Blog - Mascotas de Resina","isPartOf":{"@id":"https:\/\/www.promocionandonegocio.com\/mascotasderesina\/#website"},"datePublished":"2025-01-13T00:02:08+00:00","dateModified":"2025-01-17T02:59:18+00:00","description":"Art\u00edculos recientes del blog de mascotas de resina encontrar\u00e1s todos los art\u00edculos relacionados con el tema de las mascotas de resina","breadcrumb":{"@id":"https:\/\/www.promocionandonegocio.com\/mascotasderesina\/blog\/#breadcrumb"},"inLanguage":"es","potentialAction":[{"@type":"ReadAction","target":["https:\/\/www.promocionandonegocio.com\/mascotasderesina\/blog\/"]}]},{"@type":"BreadcrumbList","@id":"https:\/\/www.promocionandonegocio.com\/mascotasderesina\/blog\/#breadcrumb","itemListElement":[{"@type":"ListItem","position":1,"name":"Home","item":"https:\/\/www.promocionandonegocio.com\/mascotasderesina\/"},{"@type":"ListItem","position":2,"name":"Blog"}]},{"@type":"WebSite","@id":"https:\/\/www.promocionandonegocio.com\/mascotasderesina\/#website","url":"https:\/\/www.promocionandonegocio.com\/mascotasderesina\/","name":"Mascotas de Resina","description":"Ciudad de M\u00e9xico","publisher":{"@id":"https:\/\/www.promocionandonegocio.com\/mascotasderesina\/#\/schema\/person\/4817ce46993b2f733da5e0cc2fff390f"},"potentialAction":[{"@type":"SearchAction","target":{"@type":"EntryPoint","urlTemplate":"https:\/\/www.promocionandonegocio.com\/mascotasderesina\/?s={search_term_string}"},"query-input":{"@type":"PropertyValueSpecification","valueRequired":true,"valueName":"search_term_string"}}],"inLanguage":"es"},{"@type":["Person","Organization"],"@id":"https:\/\/www.promocionandonegocio.com\/mascotasderesina\/#\/schema\/person\/4817ce46993b2f733da5e0cc2fff390f","name":"Mascotas de Resina","image":{"@type":"ImageObject","inLanguage":"es","@id":"https:\/\/www.promocionandonegocio.com\/mascotasderesina\/wp-content\/uploads\/2024\/11\/logomascotas.webp","url":"https:\/\/www.promocionandonegocio.com\/mascotasderesina\/wp-content\/uploads\/2024\/11\/logomascotas.webp","contentUrl":"https:\/\/www.promocionandonegocio.com\/mascotasderesina\/wp-content\/uploads\/2024\/11\/logomascotas.webp","width":626,"height":302,"caption":"Mascotas de Resina"},"logo":{"@id":"https:\/\/www.promocionandonegocio.com\/mascotasderesina\/wp-content\/uploads\/2024\/11\/logomascotas.webp"},"sameAs":["https:\/\/www.promocionandonegocio.com\/mascotasderesina"]}]}},"uagb_featured_image_src":{"full":false,"thumbnail":false,"medium":false,"medium_large":false,"large":false,"1536x1536":false,"2048x2048":false,"woocommerce_thumbnail":false,"woocommerce_single":false,"woocommerce_gallery_thumbnail":false},"uagb_author_info":{"display_name":"Mascotas de Resina","author_link":"https:\/\/www.promocionandonegocio.com\/mascotasderesina\/author\/masco\/"},"uagb_comment_info":0,"uagb_excerpt":"Blog de Mascotas de Resina Art\u00edculos Recientes","_links":{"self":[{"href":"https:\/\/www.promocionandonegocio.com\/mascotasderesina\/wp-json\/wp\/v2\/pages\/2499","targetHints":{"allow":["GET"]}}],"collection":[{"href":"https:\/\/www.promocionandonegocio.com\/mascotasderesina\/wp-json\/wp\/v2\/pages"}],"about":[{"href":"https:\/\/www.promocionandonegocio.com\/mascotasderesina\/wp-json\/wp\/v2\/types\/page"}],"author":[{"embeddable":true,"href":"https:\/\/www.promocionandonegocio.com\/mascotasderesina\/wp-json\/wp\/v2\/users\/1"}],"replies":[{"embeddable":true,"href":"https:\/\/www.promocionandonegocio.com\/mascotasderesina\/wp-json\/wp\/v2\/comments?post=2499"}],"version-history":[{"count":19,"href":"https:\/\/www.promocionandonegocio.com\/mascotasderesina\/wp-json\/wp\/v2\/pages\/2499\/revisions"}],"predecessor-version":[{"id":2561,"href":"https:\/\/www.promocionandonegocio.com\/mascotasderesina\/wp-json\/wp\/v2\/pages\/2499\/revisions\/2561"}],"wp:attachment":[{"href":"https:\/\/www.promocionandonegocio.com\/mascotasderesina\/wp-json\/wp\/v2\/media?parent=2499"}],"curies":[{"name":"wp","href":"https:\/\/api.w.org\/{rel}","templated":true}]}}