{"id":2422,"date":"2024-12-11T16:44:50","date_gmt":"2024-12-11T22:44:50","guid":{"rendered":"https:\/\/www.promocionandonegocio.com\/mascotasderesina\/?page_id=2422"},"modified":"2024-12-11T19:22:14","modified_gmt":"2024-12-12T01:22:14","slug":"privacidad","status":"publish","type":"page","link":"https:\/\/www.promocionandonegocio.com\/mascotasderesina\/privacidad\/","title":{"rendered":"Privacidad"},"content":{"rendered":"\n<div class=\"wp-block-uagb-container uagb-block-815d2389 alignfull uagb-is-root-container\"><div class=\"uagb-container-inner-blocks-wrap\">\n<p>Fecha de \u00faltima actualizaci\u00f3n: 1\/Oct.\/2024<\/p>\n\n\n\n<p><strong>Introducci\u00f3n<\/strong><br>En [NombreDeTuSitioWeb] estamos comprometidos con la protecci\u00f3n de los datos que recogemos sobre usted. Al usar nuestros servicios, usted est\u00e1 de acuerdo con la utilizaci\u00f3n de los datos que recopilamos, de conformidad con esta Pol\u00edtica de Privacidad.<\/p>\n\n\n\n<p><strong>Estamos comprometidos a proteger su privacidad<\/strong><br>Recogemos la cantidad de informaci\u00f3n sobre usted, que est\u00e1 en consonancia con proveerle un servicio satisfactorio. Esta pol\u00edtica indica el tipo de procesos que puede dar lugar a que se est\u00e1 recopilando datos sobre usted. El uso de este sitio web nos da el derecho a recolectar esa informaci\u00f3n.<\/p>\n\n\n\n<p><strong>Informaci\u00f3n Recopilada<\/strong><br>Puede darse el caso que la totalidad o parte de la informaci\u00f3n que usted nos proporciona est\u00e1 en funci\u00f3n del tipo de servicio solicitado, incluyendo su nombre, direcci\u00f3n, nombre y direcci\u00f3n de su Sitio Web y direcci\u00f3n de correo electr\u00f3nico. Otros datos que puedan ser necesarios de vez en cuando para procesar una solicitud tambi\u00e9n pueden obtenerse tal y como se indica en la web.<\/p>\n\n\n\n<p><strong>Uso de la Informaci\u00f3n<\/strong><br>Utilizamos la informaci\u00f3n recopilada principalmente para procesar la tarea para la que usted visit\u00f3 nuestro sitio web. Todas las precauciones son tomadas para prevenir el acceso no autorizado a esta informaci\u00f3n. Esta salvaguardia podr\u00e1 exigir que usted proporcione otras formas de identidad en caso de que desee obtener informaci\u00f3n sobre los detalles de su cuenta.<\/p>\n\n\n\n<p><strong>Cookies<\/strong><br>Su navegador de Internet dispone de la capacidad de almacenar peque\u00f1os archivos \u2013 \u201ccookies\u201d \u2013 que poseen informaci\u00f3n que permite a un sitio web a reconocer su cuenta. Nuestro sitio web toma ventaja de esta caracter\u00edstica para mejorar su experiencia. Usted tiene la capacidad de impedir que su equipo acepte cookies, pero, si lo hace, algunas funcionalidades en la web pueden verse afectadas.<\/p>\n\n\n\n<p><strong>Revelaci\u00f3n de la Informaci\u00f3n<\/strong><br>No revelaremos ninguna informaci\u00f3n personal acerca de usted obtenida desde este sitio web a terceros. Podemos utilizar la informaci\u00f3n para mantenernos en contacto con usted e informarle de los acontecimientos relacionados con nuestro negocio. Se le dar\u00e1 la facilidad de darse de baja de cualquier lista de correo o dispositivo similar. Si en cualquier momento en el futuro dese\u00e1ramos dar a conocer la informaci\u00f3n recogida en esta p\u00e1gina web a un tercero, s\u00f3lo ser\u00eda con su conocimiento y consentimiento.<\/p>\n\n\n\n<p>Es posible que de vez en cuando proporcionemos informaci\u00f3n de car\u00e1cter general a terceros \u2013 por ejemplo, el n\u00famero de personas que visitan nuestro sitio web o completar un formulario de registro, pero no vamos a utilizar ninguna informaci\u00f3n que pueda identificar a los Clientes.<\/p>\n\n\n\n<p>La utilizaci\u00f3n de los servicios de [NombreDeTuSitioWeb] significa que el usuario ha le\u00eddo, entendido y acordado con los t\u00e9rminos antes expuestos en este documento y por lo tanto este documento constituye un acuerdo legal entre el usuario y [NombreDeTuSitioWeb]. Si por alguna raz\u00f3n no estuviera de acuerdo con alguno de los t\u00e9rminos del presente documento, el usuario tiene la opci\u00f3n de no proporcionar informaci\u00f3n personal, o de no utilizar el servicio de [NombreDeTuSitioWeb].<\/p>\n\n\n\n<p><strong>Cambios a esta Pol\u00edtica<\/strong><br>Cualquier modificaci\u00f3n de nuestra pol\u00edtica de privacidad ser\u00e1 colocada aqu\u00ed y sustituir\u00e1 a esta versi\u00f3n de nuestra Pol\u00edtica. Vamos a tomar las medidas razonables para llamar su atenci\u00f3n sobre cualquier cambio en nuestra pol\u00edtica. Sin embargo, para estar seguro, le sugerimos que lea este documento cada vez que utilice el sitio Web para asegurarse de que sigue cumpliendo con su aprobaci\u00f3n.<\/p>\n\n\n\n<p><strong>Contacto<\/strong><br>Si tiene preguntas sobre esta pol\u00edtica de privacidad, por favor cont\u00e1ctenos a trav\u00e9s de [tu direcci\u00f3n de correo electr\u00f3nico].<\/p>\n<\/div><\/div>\n","protected":false},"excerpt":{"rendered":"<p>Fecha de \u00faltima actualizaci\u00f3n: 1\/Oct.\/2024 Introducci\u00f3nEn [NombreDeTuSitioWeb] estamos comprometidos con la protecci\u00f3n de los datos que recogemos sobre usted. Al [&hellip;]<\/p>\n","protected":false},"author":1,"featured_media":0,"parent":0,"menu_order":0,"comment_status":"closed","ping_status":"closed","template":"","meta":{"_uag_custom_page_level_css":"","site-sidebar-layout":"default","site-content-layout":"","ast-site-content-layout":"normal-width-container","site-content-style":"default","site-sidebar-style":"default","ast-global-header-display":"","ast-banner-title-visibility":"disabled","ast-main-header-display":"","ast-hfb-above-header-display":"","ast-hfb-below-header-display":"","ast-hfb-mobile-header-display":"","site-post-title":"","ast-breadcrumbs-content":"","ast-featured-img":"","footer-sml-layout":"","ast-disable-related-posts":"","theme-transparent-header-meta":"","adv-header-id-meta":"","stick-header-meta":"","header-above-stick-meta":"","header-main-stick-meta":"","header-below-stick-meta":"","astra-migrate-meta-layouts":"set","ast-page-background-enabled":"default","ast-page-background-meta":{"desktop":{"background-color":"var(--ast-global-color-4)","background-image":"","background-repeat":"repeat","background-position":"center center","background-size":"auto","background-attachment":"scroll","background-type":"","background-media":"","overlay-type":"","overlay-color":"","overlay-opacity":"","overlay-gradient":""},"tablet":{"background-color":"","background-image":"","background-repeat":"repeat","background-position":"center center","background-size":"auto","background-attachment":"scroll","background-type":"","background-media":"","overlay-type":"","overlay-color":"","overlay-opacity":"","overlay-gradient":""},"mobile":{"background-color":"","background-image":"","background-repeat":"repeat","background-position":"center center","background-size":"auto","background-attachment":"scroll","background-type":"","background-media":"","overlay-type":"","overlay-color":"","overlay-opacity":"","overlay-gradient":""}},"ast-content-background-meta":{"desktop":{"background-color":"var(--ast-global-color-5)","background-image":"","background-repeat":"repeat","background-position":"center center","background-size":"auto","background-attachment":"scroll","background-type":"","background-media":"","overlay-type":"","overlay-color":"","overlay-opacity":"","overlay-gradient":""},"tablet":{"background-color":"var(--ast-global-color-5)","background-image":"","background-repeat":"repeat","background-position":"center center","background-size":"auto","background-attachment":"scroll","background-type":"","background-media":"","overlay-type":"","overlay-color":"","overlay-opacity":"","overlay-gradient":""},"mobile":{"background-color":"var(--ast-global-color-5)","background-image":"","background-repeat":"repeat","background-position":"center center","background-size":"auto","background-attachment":"scroll","background-type":"","background-media":"","overlay-type":"","overlay-color":"","overlay-opacity":"","overlay-gradient":""}},"_joinchat":[],"footnotes":""},"class_list":["post-2422","page","type-page","status-publish","hentry"],"yoast_head":"<!-- This site is optimized with the Yoast SEO plugin v27.4 - https:\/\/yoast.com\/product\/yoast-seo-wordpress\/ -->\n<title>Privacidad - Mascotas de Resina<\/title>\n<meta name=\"robots\" content=\"index, follow, max-snippet:-1, max-image-preview:large, max-video-preview:-1\" \/>\n<link rel=\"canonical\" href=\"https:\/\/www.promocionandonegocio.com\/mascotasderesina\/privacidad\/\" \/>\n<meta property=\"og:locale\" content=\"es_ES\" \/>\n<meta property=\"og:type\" content=\"article\" \/>\n<meta property=\"og:title\" content=\"Privacidad - Mascotas de Resina\" \/>\n<meta property=\"og:description\" content=\"Fecha de \u00faltima actualizaci\u00f3n: 1\/Oct.\/2024 Introducci\u00f3nEn [NombreDeTuSitioWeb] estamos comprometidos con la protecci\u00f3n de los datos que recogemos sobre usted. Al [&hellip;]\" \/>\n<meta property=\"og:url\" content=\"https:\/\/www.promocionandonegocio.com\/mascotasderesina\/privacidad\/\" \/>\n<meta property=\"og:site_name\" content=\"Mascotas de Resina\" \/>\n<meta property=\"article:modified_time\" content=\"2024-12-12T01:22:14+00:00\" \/>\n<meta name=\"twitter:card\" content=\"summary_large_image\" \/>\n<meta name=\"twitter:label1\" content=\"Tiempo de lectura\" \/>\n\t<meta name=\"twitter:data1\" content=\"3 minutos\" \/>\n<script type=\"application\/ld+json\" class=\"yoast-schema-graph\">{\"@context\":\"https:\\\/\\\/schema.org\",\"@graph\":[{\"@type\":\"WebPage\",\"@id\":\"https:\\\/\\\/www.promocionandonegocio.com\\\/mascotasderesina\\\/privacidad\\\/\",\"url\":\"https:\\\/\\\/www.promocionandonegocio.com\\\/mascotasderesina\\\/privacidad\\\/\",\"name\":\"Privacidad - Mascotas de Resina\",\"isPartOf\":{\"@id\":\"https:\\\/\\\/www.promocionandonegocio.com\\\/mascotasderesina\\\/#website\"},\"datePublished\":\"2024-12-11T22:44:50+00:00\",\"dateModified\":\"2024-12-12T01:22:14+00:00\",\"breadcrumb\":{\"@id\":\"https:\\\/\\\/www.promocionandonegocio.com\\\/mascotasderesina\\\/privacidad\\\/#breadcrumb\"},\"inLanguage\":\"es\",\"potentialAction\":[{\"@type\":\"ReadAction\",\"target\":[\"https:\\\/\\\/www.promocionandonegocio.com\\\/mascotasderesina\\\/privacidad\\\/\"]}]},{\"@type\":\"BreadcrumbList\",\"@id\":\"https:\\\/\\\/www.promocionandonegocio.com\\\/mascotasderesina\\\/privacidad\\\/#breadcrumb\",\"itemListElement\":[{\"@type\":\"ListItem\",\"position\":1,\"name\":\"Home\",\"item\":\"https:\\\/\\\/www.promocionandonegocio.com\\\/mascotasderesina\\\/\"},{\"@type\":\"ListItem\",\"position\":2,\"name\":\"Privacidad\"}]},{\"@type\":\"WebSite\",\"@id\":\"https:\\\/\\\/www.promocionandonegocio.com\\\/mascotasderesina\\\/#website\",\"url\":\"https:\\\/\\\/www.promocionandonegocio.com\\\/mascotasderesina\\\/\",\"name\":\"Mascotas de Resina\",\"description\":\"Ciudad de M\u00e9xico\",\"publisher\":{\"@id\":\"https:\\\/\\\/www.promocionandonegocio.com\\\/mascotasderesina\\\/#\\\/schema\\\/person\\\/4817ce46993b2f733da5e0cc2fff390f\"},\"potentialAction\":[{\"@type\":\"SearchAction\",\"target\":{\"@type\":\"EntryPoint\",\"urlTemplate\":\"https:\\\/\\\/www.promocionandonegocio.com\\\/mascotasderesina\\\/?s={search_term_string}\"},\"query-input\":{\"@type\":\"PropertyValueSpecification\",\"valueRequired\":true,\"valueName\":\"search_term_string\"}}],\"inLanguage\":\"es\"},{\"@type\":[\"Person\",\"Organization\"],\"@id\":\"https:\\\/\\\/www.promocionandonegocio.com\\\/mascotasderesina\\\/#\\\/schema\\\/person\\\/4817ce46993b2f733da5e0cc2fff390f\",\"name\":\"Mascotas de Resina\",\"image\":{\"@type\":\"ImageObject\",\"inLanguage\":\"es\",\"@id\":\"https:\\\/\\\/www.promocionandonegocio.com\\\/mascotasderesina\\\/wp-content\\\/uploads\\\/2024\\\/11\\\/logomascotas.webp\",\"url\":\"https:\\\/\\\/www.promocionandonegocio.com\\\/mascotasderesina\\\/wp-content\\\/uploads\\\/2024\\\/11\\\/logomascotas.webp\",\"contentUrl\":\"https:\\\/\\\/www.promocionandonegocio.com\\\/mascotasderesina\\\/wp-content\\\/uploads\\\/2024\\\/11\\\/logomascotas.webp\",\"width\":626,\"height\":302,\"caption\":\"Mascotas de Resina\"},\"logo\":{\"@id\":\"https:\\\/\\\/www.promocionandonegocio.com\\\/mascotasderesina\\\/wp-content\\\/uploads\\\/2024\\\/11\\\/logomascotas.webp\"},\"sameAs\":[\"https:\\\/\\\/www.promocionandonegocio.com\\\/mascotasderesina\"]}]}<\/script>\n<!-- \/ Yoast SEO plugin. -->","yoast_head_json":{"title":"Privacidad - Mascotas de Resina","robots":{"index":"index","follow":"follow","max-snippet":"max-snippet:-1","max-image-preview":"max-image-preview:large","max-video-preview":"max-video-preview:-1"},"canonical":"https:\/\/www.promocionandonegocio.com\/mascotasderesina\/privacidad\/","og_locale":"es_ES","og_type":"article","og_title":"Privacidad - Mascotas de Resina","og_description":"Fecha de \u00faltima actualizaci\u00f3n: 1\/Oct.\/2024 Introducci\u00f3nEn [NombreDeTuSitioWeb] estamos comprometidos con la protecci\u00f3n de los datos que recogemos sobre usted. Al [&hellip;]","og_url":"https:\/\/www.promocionandonegocio.com\/mascotasderesina\/privacidad\/","og_site_name":"Mascotas de Resina","article_modified_time":"2024-12-12T01:22:14+00:00","twitter_card":"summary_large_image","twitter_misc":{"Tiempo de lectura":"3 minutos"},"schema":{"@context":"https:\/\/schema.org","@graph":[{"@type":"WebPage","@id":"https:\/\/www.promocionandonegocio.com\/mascotasderesina\/privacidad\/","url":"https:\/\/www.promocionandonegocio.com\/mascotasderesina\/privacidad\/","name":"Privacidad - Mascotas de Resina","isPartOf":{"@id":"https:\/\/www.promocionandonegocio.com\/mascotasderesina\/#website"},"datePublished":"2024-12-11T22:44:50+00:00","dateModified":"2024-12-12T01:22:14+00:00","breadcrumb":{"@id":"https:\/\/www.promocionandonegocio.com\/mascotasderesina\/privacidad\/#breadcrumb"},"inLanguage":"es","potentialAction":[{"@type":"ReadAction","target":["https:\/\/www.promocionandonegocio.com\/mascotasderesina\/privacidad\/"]}]},{"@type":"BreadcrumbList","@id":"https:\/\/www.promocionandonegocio.com\/mascotasderesina\/privacidad\/#breadcrumb","itemListElement":[{"@type":"ListItem","position":1,"name":"Home","item":"https:\/\/www.promocionandonegocio.com\/mascotasderesina\/"},{"@type":"ListItem","position":2,"name":"Privacidad"}]},{"@type":"WebSite","@id":"https:\/\/www.promocionandonegocio.com\/mascotasderesina\/#website","url":"https:\/\/www.promocionandonegocio.com\/mascotasderesina\/","name":"Mascotas de Resina","description":"Ciudad de M\u00e9xico","publisher":{"@id":"https:\/\/www.promocionandonegocio.com\/mascotasderesina\/#\/schema\/person\/4817ce46993b2f733da5e0cc2fff390f"},"potentialAction":[{"@type":"SearchAction","target":{"@type":"EntryPoint","urlTemplate":"https:\/\/www.promocionandonegocio.com\/mascotasderesina\/?s={search_term_string}"},"query-input":{"@type":"PropertyValueSpecification","valueRequired":true,"valueName":"search_term_string"}}],"inLanguage":"es"},{"@type":["Person","Organization"],"@id":"https:\/\/www.promocionandonegocio.com\/mascotasderesina\/#\/schema\/person\/4817ce46993b2f733da5e0cc2fff390f","name":"Mascotas de Resina","image":{"@type":"ImageObject","inLanguage":"es","@id":"https:\/\/www.promocionandonegocio.com\/mascotasderesina\/wp-content\/uploads\/2024\/11\/logomascotas.webp","url":"https:\/\/www.promocionandonegocio.com\/mascotasderesina\/wp-content\/uploads\/2024\/11\/logomascotas.webp","contentUrl":"https:\/\/www.promocionandonegocio.com\/mascotasderesina\/wp-content\/uploads\/2024\/11\/logomascotas.webp","width":626,"height":302,"caption":"Mascotas de Resina"},"logo":{"@id":"https:\/\/www.promocionandonegocio.com\/mascotasderesina\/wp-content\/uploads\/2024\/11\/logomascotas.webp"},"sameAs":["https:\/\/www.promocionandonegocio.com\/mascotasderesina"]}]}},"uagb_featured_image_src":{"full":false,"thumbnail":false,"medium":false,"medium_large":false,"large":false,"1536x1536":false,"2048x2048":false,"woocommerce_thumbnail":false,"woocommerce_single":false,"woocommerce_gallery_thumbnail":false},"uagb_author_info":{"display_name":"Mascotas de Resina","author_link":"https:\/\/www.promocionandonegocio.com\/mascotasderesina\/author\/masco\/"},"uagb_comment_info":0,"uagb_excerpt":"Fecha de \u00faltima actualizaci\u00f3n: 1\/Oct.\/2024 Introducci\u00f3nEn [NombreDeTuSitioWeb] estamos comprometidos con la protecci\u00f3n de los datos que recogemos sobre usted. Al [&hellip;]","_links":{"self":[{"href":"https:\/\/www.promocionandonegocio.com\/mascotasderesina\/wp-json\/wp\/v2\/pages\/2422","targetHints":{"allow":["GET"]}}],"collection":[{"href":"https:\/\/www.promocionandonegocio.com\/mascotasderesina\/wp-json\/wp\/v2\/pages"}],"about":[{"href":"https:\/\/www.promocionandonegocio.com\/mascotasderesina\/wp-json\/wp\/v2\/types\/page"}],"author":[{"embeddable":true,"href":"https:\/\/www.promocionandonegocio.com\/mascotasderesina\/wp-json\/wp\/v2\/users\/1"}],"replies":[{"embeddable":true,"href":"https:\/\/www.promocionandonegocio.com\/mascotasderesina\/wp-json\/wp\/v2\/comments?post=2422"}],"version-history":[{"count":0,"href":"https:\/\/www.promocionandonegocio.com\/mascotasderesina\/wp-json\/wp\/v2\/pages\/2422\/revisions"}],"wp:attachment":[{"href":"https:\/\/www.promocionandonegocio.com\/mascotasderesina\/wp-json\/wp\/v2\/media?parent=2422"}],"curies":[{"name":"wp","href":"https:\/\/api.w.org\/{rel}","templated":true}]}}